{"id":183,"date":"2016-02-25T18:57:59","date_gmt":"2016-02-25T18:57:59","guid":{"rendered":"http:\/\/agelinde.de\/?page_id=183"},"modified":"2016-04-26T08:58:05","modified_gmt":"2016-04-26T08:58:05","slug":"fotografien","status":"publish","type":"page","link":"http:\/\/agelinde.de\/?page_id=183","title":{"rendered":"Fotografische Serien"},"content":{"rendered":"<p>Fotografien Schatten Pinakothekenk\u00f6pfe Alpengl\u00fchen Piktogramme Hibiskus K\u00fcchenstillleben<\/p>\n","protected":false},"excerpt":{"rendered":"<p>Fotografien Schatten Pinakothekenk\u00f6pfe Alpengl\u00fchen Piktogramme Hibiskus K\u00fcchenstillleben<\/p>\n","protected":false},"author":1,"featured_media":0,"parent":0,"menu_order":0,"comment_status":"closed","ping_status":"closed","template":"page-templates\/full-width.php","meta":[],"_links":{"self":[{"href":"http:\/\/agelinde.de\/index.php?rest_route=\/wp\/v2\/pages\/183"}],"collection":[{"href":"http:\/\/agelinde.de\/index.php?rest_route=\/wp\/v2\/pages"}],"about":[{"href":"http:\/\/agelinde.de\/index.php?rest_route=\/wp\/v2\/types\/page"}],"author":[{"embeddable":true,"href":"http:\/\/agelinde.de\/index.php?rest_route=\/wp\/v2\/users\/1"}],"replies":[{"embeddable":true,"href":"http:\/\/agelinde.de\/index.php?rest_route=%2Fwp%2Fv2%2Fcomments&post=183"}],"version-history":[{"count":16,"href":"http:\/\/agelinde.de\/index.php?rest_route=\/wp\/v2\/pages\/183\/revisions"}],"predecessor-version":[{"id":421,"href":"http:\/\/agelinde.de\/index.php?rest_route=\/wp\/v2\/pages\/183\/revisions\/421"}],"wp:attachment":[{"href":"http:\/\/agelinde.de\/index.php?rest_route=%2Fwp%2Fv2%2Fmedia&parent=183"}],"curies":[{"name":"wp","href":"https:\/\/api.w.org\/{rel}","templated":true}]}}